{"id":6986,"date":"2024-10-10T09:46:09","date_gmt":"2024-10-10T07:46:09","guid":{"rendered":"https:\/\/www.elsenuclear.com\/general-terms-and-conditions-of-purchase\/"},"modified":"2026-02-05T18:19:17","modified_gmt":"2026-02-05T17:19:17","slug":"termini-e-condizioni-generali-di-acquisto","status":"publish","type":"page","link":"https:\/\/www.elsenuclear.com\/it\/termini-e-condizioni-generali-di-acquisto\/","title":{"rendered":"Termini e Condizioni Generali di Acquisto"},"content":{"rendered":"\n<h4 class=\"wp-block-heading\">1. Disposizioni Generali<\/h4>\n\n\n\n<p>I presenti Termini e Condizioni generali di acquisto (di seguito le \u201cCondizioni\u201d) disciplinano l\u2019acquisto da parte di ELSE NUCLERAR S.r.l. (di seguito \u201cELSE NUCLEAR\u201d) di beni e\/o di servizi forniti e\/o prodotti da terzi (di seguito \u201cFornitore\u201d). Ogni singolo contratto e\/o accordo di fornitura e\u0300 regolato dalle presenti Condizioni. Esclusivamente le condizioni speciali riportate nei singoli ordini di acquisto sono prevalenti rispetto alle condizioni generali e possono costituire una deroga alle stesse.  <\/p>\n\n\n\n<p>Le Condizioni non possono essere modificate n\u00e9 subire aggiunte se non in presenza di accordo scritto fra ELSE NUCLEAR ed il Fornitore.<\/p>\n\n\n\n<p>Le Condizioni si applicano a tutti gli ordini di acquisto trasmessi da ELSE NUCLEAR al Fornitore. L\u2019eventuale inefficacia di una clausola delle Condizioni o di successivi accordi integrativi non comporter\u00e0 l\u2019invalidit\u00e0 delle altre condizioni. <\/p>\n\n\n\n<p>Le Parti concorderanno una clausola sostitutiva che ne rifletta il pi\u00f9 possibile l\u2019intento economico.<\/p>\n\n\n\n<h4 class=\"wp-block-heading\">2. Ordini di acquisto<\/h4>\n\n\n\n<p>A seguito di presentazione da parte del Fornitore di apposita offerta tecnica\/preventivo, verr\u00e0 redatto da ELSE NUCLEAR e trasmesso via mail al Fornitore un ordine di acquisto per iscritto.<br><\/p>\n\n\n\n<p>Ogni singolo accordo di fornitura si perfezioner\u00e0 nel momento in cui copia dell\u2019ordine di acquisto verr\u00e0 restituita via mail a ELSE NUCLEAR debitamente firmata per accettazione dal Fornitore, o tramite l\u2019invio da parte dello stesso, di una regolare Conferma d\u2019ordine che riporter\u00e0 la tipologia dei beni\/servizi richiesti da ELSE NUCLEAR nell\u2019ordine scritto, comprese le clausole e le eventuali condizioni di fornitura concordate nella trattativa. ELSE NUCLEAR ne verificher\u00e0 la conformit\u00e0 con l\u2019ordine, evidenziando eventuali inesattezze\/ controversie. La ricezione da parte di ELSE NUCLEAR della Conferma d\u2019ordine non comporter\u00e0 l\u2019accettazione delle Condizioni di Vendita del Fornitore. Resta inteso che nulla ricevendo entro 5 gg lavorativi l\u2019ordine s\u2019intende accettato in tutte le sue parti.   <\/p>\n\n\n\n<p>L\u2019ordine di acquisto dovr\u00e0 contenere: beni e\/o servizi oggetto dell\u2019ordine di acquisto, quantit\u00e0, caratteristiche, termini di consegna, prezzi, modalit\u00e0 e termini di pagamento, eventuali condizioni particolari di acquisto, anche in deroga alle presenti Condizioni.<\/p>\n\n\n\n<h4 class=\"wp-block-heading\">3. Obblighi del fornitore<\/h4>\n\n\n\n<p>Nell\u2019esecuzione della fornitura il Fornitore dovr\u00e0 avvalersi di dipendenti, collaboratori e\/o consulenti (di seguito, Incaricati) qualificati, dotati di specifiche competenze tecniche e di comprovata esperienza in relazione alla tipologia di beni e\/o servizi commissionati.<\/p>\n\n\n\n<p>Il Fornitore si impegna a consegnare a ELSE NUCLEAR (se applicabile) la documentazione tecnica relativa alle forniture, quale il Certificato di test, Certificato di conformit\u00e0 CE, Certificato di Conformit\u00e0 alla direttiva RoHs e altra documentazione se espressamente richiesta nell\u2019ordine.<\/p>\n\n\n\n<p>Il Fornitore consegner\u00e0, a seconda del prodotto, il manuale per il montaggio comprendente l\u2019uso e la manutenzione dei beni e\/o servizi forniti. In mancanza di tali documenti la fornitura risulter\u00e0 NON CONFORME. <\/p>\n\n\n\n<h4 class=\"wp-block-heading\">4. Prezzi<\/h4>\n\n\n\n<p>I prezzi concordati e riportati nell\u2019ordine di acquisto sono stati definiti a seguito dello svolgimento di trattativa commerciale tra ELSE NUCLEAR ed il Fornitore e saranno considerati fissi ed invariabili. Le condizioni e i termini di pagamento sono indicati anch\u2019essi nel singolo ordine e NON potranno variare se non tramite accordo scritto tra le parti.<br> <\/p>\n\n\n\n<h4 class=\"wp-block-heading\">5. Oggetto della fornitura<\/h4>\n\n\n\n<p>Formano parte integrante della fornitura unitamente ai singoli beni e\/o servizi realizzati per ordine di ELSE NUCLEAR: l\u2019acquisto da parte di ELSE NUCLEAR della propriet\u00e0 di tutti i documenti ed elaborati tecnici realizzati dal Fornitore e\/o eventuali suoi subfornitori in riferimento allo specifico progetto o prodotto indicato nell\u2019ordine di acquisto, nonch\u00e9 di ogni altro documento necessario per il montaggio, la manutenzione e l\u2019uso dei beni e\/o servizi forniti o comunque richiesto come parte della fornitura; i pi\u00f9 ampi diritti d\u2019uso a favore di ELSE NUCLEAR, trasferibili a terzi, dei diritti di propriet\u00e0 industriale del Fornitore (marchi, invenzioni, disegni e modelli) relativi ai beni e\/o servizi realizzati dal Fornitore, inclusi i relativi metodi e processi di produzione.<\/p>\n\n\n\n<h4 class=\"wp-block-heading\">6. Termini di consegna e imballaggio<\/h4>\n\n\n\n<p>Le date di consegna indicate nell\u2019ordine di acquisto sono vincolanti per il Fornitore e sono da considerarsi essenziali ai fini della corretta esecuzione dell&#8217;ordine.<\/p>\n\n\n\n<p>In presenza di ritardi della fornitura oggetto dell\u2019ordine di acquisto ELSE NUCLEAR si riserva di applicare al Fornitore, e senza pregiudizio per qualsiasi diritto di risoluzione e di risarcimento per eventuali danni subiti, una penale pari all\u20191% del valore dell\u2019importo, indicato sull\u2019ordine di acquisto, della fornitura non consegnata nel termine contrattualmente stabilito, per ciascuna settimana maturata di ritardo o frazione di essa. L\u2019importo totale della penale non potr\u00e0 superare il 10% del valore dell\u2019ordine di acquisto della fornitura in ritardo. <\/p>\n\n\n\n<p>L\u2019indirizzo valido per la consegna e\u0300 quello indicato nell\u2019ordine di acquisto. Il Fornitore si libera dall\u2019obbligo della consegna rimettendo i beni a ELSE NUCLEAR nel luogo indicato nell\u2019ordine di acquisto. <\/p>\n\n\n\n<p>I documenti di spedizione che accompagnano i beni dovranno riportare sempre data, numero e data dell\u2019ordine di riferimento, codice materiale, descrizione del prodotto\/servizio, quantit\u00e0, peso lordo e netto dei colli, mezzo di spedizione.<\/p>\n\n\n\n<p>Il Fornitore deve provvedere ad un imballo adeguato della fornitura secondo quanto specificato nell\u2019ordine di acquisto oppure, se non specificato, secondo le migliori tecniche generalmente applicate negli usi del commercio rimanendo comunque responsabile per tutti i danni subiti dalla fornitura conseguenti ad imballaggio non idoneo.<\/p>\n\n\n\n<h4 class=\"wp-block-heading\">7. Forza maggiore<\/h4>\n\n\n\n<p>In presenza di un evento di Forza Maggiore (quale a titolo meramente esemplificativo terremoti, incendi, epidemie, etc.) che possa compromettere le date di consegna concordate \u00e8 obbligo del Fornitore informare immediatamente per iscritto ELSE NUCLEAR specificando l\u2019entit\u00e0 del ritardo conseguente stimata o reale. Il Fornitore deve in ogni caso intraprendere tutte quelle azioni dirette a ridurre il ritardo ed a recuperare il tempo perduto. L\u2019eventuale nuova data di consegna dovr\u00e0 essere concordata tra ELSE NUCLEAR e il Fornitore in relazione all\u2019impedimento della causa di Forza Maggiore. Nel caso la causa di Forza Maggiore determini un ritardo nelle consegne superiore a giorni 30 (trenta) ELSE NUCLEAR si riserva il diritto di risolvere l\u2019ordine di acquisto in qualsiasi momento mediante l\u2019invio di comunicazione tramite Posta Elettronica Certificata (PEC) al Fornitore.   <\/p>\n\n\n\n<h4 class=\"wp-block-heading\">8. Garanzia<\/h4>\n\n\n\n<p>Il Fornitore garantisce che la fornitura \u00e8 immune da vizi che la rendano inidonea all\u2019uso per la quale \u00e8 destinata o ne diminuiscano in modo apprezzabile il valore. Il Fornitore \u00e8 responsabile dei danni direttamente provocati a cose o persone e direttamente imputabili ad una parte o parti difettose della sua fornitura. Il Fornitore \u00e8 obbligato a tenere ELSE NUCLEAR indenne da ogni richiesta di risarcimento in conseguenza della non conformit\u00e0 e non affidabilit\u00e0 della sua fornitura risarcendo ELSE NUCLEAR degli eventuali danni subiti.  <\/p>\n\n\n\n<p>L\u2019accettazione della fornitura \u00e8 subordinata all\u2019accertamento della conformit\u00e0 con le condizioni quantit\u00e0 e qualit\u00e0 richieste nell\u2019ordine di acquisto di ELSE NUCLEAR. Alla consegna della merce ELSE NUCLEAR effettuer\u00e0 gli opportuni controlli quantitativi, qualitativi e documentali. Il termine per la denunzia di cui agli artt. 1495 e 1497 c.c. \u00e8 stabilito in giorni 30 (trenta) dalla scoperta di eventuali vizi o mancanze di qualit\u00e0 da parte di ELSE NUCLEAR. Il Fornitore si impegna a riparare o a sostituire il bene a sua cura e spese con altro conforme alle prescrizioni contenute nell\u2019ordine di acquisto, impregiudicato ogni diritto alla risoluzione ed al risarcimento del danno per ELSE NUCLEAR.   <\/p>\n\n\n\n<h4 class=\"wp-block-heading\">9. Recesso unilaterale<\/h4>\n\n\n\n<p>ELSE NUCLEAR si riserva la facolt\u00e0 di recedere dall\u2019ordine di acquisto in qualsiasi momento anche dopo che l\u2019ordine di acquisto stesso abbia avuto un principio di esecuzione, a mezzo Posta Elettronica Certificata (PEC), da inviarsi al Fornitore con un preavviso di 20 (venti) giorni rispetto la data di consegna prevista. In tal caso ELSE NUCLEAR riconoscer\u00e0 al Fornitore a fronte della consegna della fornitura fino alla data del recesso un importo pari al valore, a prezzi contrattuali, della prestazione regolarmente eseguita. <\/p>\n\n\n\n<h4 class=\"wp-block-heading\">10. Risoluzione<\/h4>\n\n\n\n<p>In caso di inadempimento grave attuato dal Fornitore in relazione alle presenti Condizioni e agli eventuali allegati, ovvero riportate sull\u2019ordine stesso, ELSE NUCLEAR invier\u00e0 tempestivamente al Fornitore idonea diffida ad adempiere. Se l\u2019inadempimento permarr\u00e0 per un periodo superiore ai 15 giorni, decorrenti dalla data di ricevimento della diffida, l\u2019ordine di acquisto si intender\u00e0 risolto di diritto, ai sensi dell\u2019Art. 1454 c.c. Il Fornitore sar\u00e0 tenuto a risarcire tutti i danni, diretti e indiretti, subiti da ELSE NUCLEAR per la mancata disponibilit\u00e0 dei beni acquistati ovvero dei servizi erogati.  <\/p>\n\n\n\n<p>ELSE NUCLEAR potr\u00e0 inoltre risolvere l\u2019ordine di acquisto nel caso si verificassero le seguenti condizioni: acquisizione da parte di una societ\u00e0 terza del controllo del Fornitore, insolvenza, liquidazione, amministrazione controllata, amministrazione straordinaria, concordato preventivo, fallimento del Fornitore.<\/p>\n\n\n\n<h4 class=\"wp-block-heading\">11. Attrezzature, materiali di propriet\u00e0 ELSE NUCLEAR<\/h4>\n\n\n\n<p>I disegni, gli stampi, le attrezzature, i pezzi campione, i supporti informatici consegnati da ELSE NUCLEAR al Fornitore per l\u2019esecuzione dell\u2019ordine di acquisto rimangono di propriet\u00e0 di ELSE NUCLEAR e dovranno essere alla stessa restituiti ad ordine di acquisto esaurito in buono stato di conservazione. \u00c8 espressamente concordato che gli stessi non possono in alcun caso essere riprodotti e devono essere utilizzati dal Fornitore solo per l\u2019esecuzione dell\u2019ordine di acquisto ELSE NUCLEAR. <\/p>\n\n\n\n<h4 class=\"wp-block-heading\">12. Forniture di produzione brevettata<\/h4>\n\n\n\n<p>Il Fornitore garantisce che la fornitura non \u00e8 prodotta in contravvenzione a brevetti o licenze di privativa e la liceit\u00e0 dell\u2019uso e del commercio tanto in Italia che all\u2019estero. Il Fornitore si impegna a sollevare e a tenere indenne ELSE NUCLEAR da ogni rivalsa, azione legale o richiesta di risarcimento impugnata da terzi per l\u2019uso ed il commercio di quanto sopra citato. <\/p>\n\n\n\n<h4 class=\"wp-block-heading\">13. Riservatezza<\/h4>\n\n\n\n<p>Il Fornitore si impegna a non fare pubblicit\u00e0 facendo il nome di ELSE NUCLEAR. Tutte le informazioni contenute nell\u2019ordine di acquisto, eventuali suoi allegati e quelle che dovessero essere fornite da ELSE NUCLEAR nel corso della fornitura, devono essere considerate strettamente confidenziali e riservate. Le informazioni riservate comprendono tutti gli atti e le attivit\u00e0 svolte dal Fornitore per effettuare le forniture commissionate da ELSE NUCLEAR. Non rientrano invece tra le Informazioni Riservate quelle per le quali il Fornitore possa dimostrare che erano gi\u00e0 a sua conoscenza, ovvero di dominio pubblico, al momento in cui sono state comunicate da ELSE NUCLEAR, oppure, dopo essere state comunicate, diventino di dominio pubblico per ragioni che nulla hanno a che vedere con una inadempienza del Fornitore e\/o degli incaricati e\/o dei subfornitori dal medesimo impiegato, rispetto agli obblighi di riservatezza previsti dalle presenti Condizioni.  <\/p>\n\n\n\n<p>Gli obblighi di riservatezza resteranno comunque validi per 10 (dieci) anni dal completamento della fornitura.<\/p>\n\n\n\n<p>Tutta la documentazione resa disponibile al Fornitore per l\u2019espletamento dell\u2019ordine rimane di propriet\u00e0 di ELSE NUCLEAR e dovr\u00e0 essere restituita a semplice richiesta di ELSE NUCLEAR.<\/p>\n\n\n\n<h4 class=\"wp-block-heading\">14. Trattamento dei dati personali<\/h4>\n\n\n\n<p>Il Fornitore dichiara di aver preso visione dell&#8217;informativa ai sensi dell&#8217;\u2019art.13 del D.Lgs. 30 giugno 2003 n.196 (codice della privacy) e dei diritti dell&#8217;\u2019interessato previsti dall\u2019art.7 del D.Lgs n.196\/2003, autorizzando il trattamento dei propri dati personali, dei propri incaricati e subfornitori e la relativa comunicazione ai soggetti elencati nell\u2019informativa stessa, per le finalit\u00e0 ivi indicate.<\/p>\n\n\n\n<h4 class=\"wp-block-heading\">15. Legge applicabile e foro esclusivo competente<\/h4>\n\n\n\n<p>Alla fornitura di beni e servizi si applicher\u00e0 la legge italiana.<\/p>\n\n\n\n<p>Per ogni controversia che dovesse insorgere tra ELSE NUCLEAR ed il Fornitore in relazione all\u2019interpretazione e\/o all\u2019esecuzione delle presenti condizioni generali di acquisto e di ogni singolo accordo di fornitura dalle stesse disciplinato, sar\u00e0 competente in via esclusiva il Foro di Busto Arsizio (VA).<\/p>\n","protected":false},"excerpt":{"rendered":"<p>1. Disposizioni Generali I presenti Termini e Condizioni generali di acquisto (di seguito le \u201cCondizioni\u201d) disciplinano l\u2019acquisto da parte di ELSE NUCLERAR S.r.l. (di seguito \u201cELSE NUCLEAR\u201d) di beni e\/o di servizi forniti e\/o prodotti da terzi (di seguito \u201cFornitore\u201d). Ogni singolo contratto e\/o accordo di fornitura e\u0300 regolato dalle presenti Condizioni. Esclusivamente le condizioni [&hellip;]<\/p>\n","protected":false},"author":2,"featured_media":0,"parent":0,"menu_order":0,"comment_status":"closed","ping_status":"open","template":"","meta":{"footnotes":""},"class_list":["post-6986","page","type-page","status-publish","hentry"],"yoast_head":"<!-- This site is optimized with the Yoast SEO plugin v27.1.1 - https:\/\/yoast.com\/product\/yoast-seo-wordpress\/ -->\n<title>Termini e Condizioni Generali di Acquisto - Elsenuclear<\/title>\n<meta name=\"robots\" content=\"index, follow, max-snippet:-1, max-image-preview:large, max-video-preview:-1\" \/>\n<link rel=\"canonical\" href=\"https:\/\/www.elsenuclear.com\/it\/termini-e-condizioni-generali-di-acquisto\/\" \/>\n<meta property=\"og:locale\" content=\"it_IT\" \/>\n<meta property=\"og:type\" content=\"article\" \/>\n<meta property=\"og:title\" content=\"Termini e Condizioni Generali di Acquisto - Elsenuclear\" \/>\n<meta property=\"og:description\" content=\"1. Disposizioni Generali I presenti Termini e Condizioni generali di acquisto (di seguito le \u201cCondizioni\u201d) disciplinano l\u2019acquisto da parte di ELSE NUCLERAR S.r.l. (di seguito \u201cELSE NUCLEAR\u201d) di beni e\/o di servizi forniti e\/o prodotti da terzi (di seguito \u201cFornitore\u201d). Ogni singolo contratto e\/o accordo di fornitura e\u0300 regolato dalle presenti Condizioni. Esclusivamente le condizioni [&hellip;]\" \/>\n<meta property=\"og:url\" content=\"https:\/\/www.elsenuclear.com\/it\/termini-e-condizioni-generali-di-acquisto\/\" \/>\n<meta property=\"og:site_name\" content=\"Elsenuclear\" \/>\n<meta property=\"article:modified_time\" content=\"2026-02-05T17:19:17+00:00\" \/>\n<meta name=\"twitter:card\" content=\"summary_large_image\" \/>\n<meta name=\"twitter:label1\" content=\"Tempo di lettura stimato\" \/>\n\t<meta name=\"twitter:data1\" content=\"8 minuti\" \/>\n<script type=\"application\/ld+json\" class=\"yoast-schema-graph\">{\"@context\":\"https:\/\/schema.org\",\"@graph\":[{\"@type\":\"WebPage\",\"@id\":\"https:\/\/www.elsenuclear.com\/it\/termini-e-condizioni-generali-di-acquisto\/\",\"url\":\"https:\/\/www.elsenuclear.com\/it\/termini-e-condizioni-generali-di-acquisto\/\",\"name\":\"Termini e Condizioni Generali di Acquisto - Elsenuclear\",\"isPartOf\":{\"@id\":\"https:\/\/www.elsenuclear.com\/it\/#website\"},\"datePublished\":\"2024-10-10T07:46:09+00:00\",\"dateModified\":\"2026-02-05T17:19:17+00:00\",\"breadcrumb\":{\"@id\":\"https:\/\/www.elsenuclear.com\/it\/termini-e-condizioni-generali-di-acquisto\/#breadcrumb\"},\"inLanguage\":\"it-IT\",\"potentialAction\":[{\"@type\":\"ReadAction\",\"target\":[\"https:\/\/www.elsenuclear.com\/it\/termini-e-condizioni-generali-di-acquisto\/\"]}]},{\"@type\":\"BreadcrumbList\",\"@id\":\"https:\/\/www.elsenuclear.com\/it\/termini-e-condizioni-generali-di-acquisto\/#breadcrumb\",\"itemListElement\":[{\"@type\":\"ListItem\",\"position\":1,\"name\":\"Home\",\"item\":\"https:\/\/www.elsenuclear.com\/it\/\"},{\"@type\":\"ListItem\",\"position\":2,\"name\":\"Termini e Condizioni Generali di Acquisto\"}]},{\"@type\":\"WebSite\",\"@id\":\"https:\/\/www.elsenuclear.com\/it\/#website\",\"url\":\"https:\/\/www.elsenuclear.com\/it\/\",\"name\":\"Elsenuclear\",\"description\":\"shaping new standard in radiation protection\",\"potentialAction\":[{\"@type\":\"SearchAction\",\"target\":{\"@type\":\"EntryPoint\",\"urlTemplate\":\"https:\/\/www.elsenuclear.com\/it\/?s={search_term_string}\"},\"query-input\":{\"@type\":\"PropertyValueSpecification\",\"valueRequired\":true,\"valueName\":\"search_term_string\"}}],\"inLanguage\":\"it-IT\"}]}<\/script>\n<!-- \/ Yoast SEO plugin. -->","yoast_head_json":{"title":"Termini e Condizioni Generali di Acquisto - Elsenuclear","robots":{"index":"index","follow":"follow","max-snippet":"max-snippet:-1","max-image-preview":"max-image-preview:large","max-video-preview":"max-video-preview:-1"},"canonical":"https:\/\/www.elsenuclear.com\/it\/termini-e-condizioni-generali-di-acquisto\/","og_locale":"it_IT","og_type":"article","og_title":"Termini e Condizioni Generali di Acquisto - Elsenuclear","og_description":"1. Disposizioni Generali I presenti Termini e Condizioni generali di acquisto (di seguito le \u201cCondizioni\u201d) disciplinano l\u2019acquisto da parte di ELSE NUCLERAR S.r.l. (di seguito \u201cELSE NUCLEAR\u201d) di beni e\/o di servizi forniti e\/o prodotti da terzi (di seguito \u201cFornitore\u201d). Ogni singolo contratto e\/o accordo di fornitura e\u0300 regolato dalle presenti Condizioni. Esclusivamente le condizioni [&hellip;]","og_url":"https:\/\/www.elsenuclear.com\/it\/termini-e-condizioni-generali-di-acquisto\/","og_site_name":"Elsenuclear","article_modified_time":"2026-02-05T17:19:17+00:00","twitter_card":"summary_large_image","twitter_misc":{"Tempo di lettura stimato":"8 minuti"},"schema":{"@context":"https:\/\/schema.org","@graph":[{"@type":"WebPage","@id":"https:\/\/www.elsenuclear.com\/it\/termini-e-condizioni-generali-di-acquisto\/","url":"https:\/\/www.elsenuclear.com\/it\/termini-e-condizioni-generali-di-acquisto\/","name":"Termini e Condizioni Generali di Acquisto - Elsenuclear","isPartOf":{"@id":"https:\/\/www.elsenuclear.com\/it\/#website"},"datePublished":"2024-10-10T07:46:09+00:00","dateModified":"2026-02-05T17:19:17+00:00","breadcrumb":{"@id":"https:\/\/www.elsenuclear.com\/it\/termini-e-condizioni-generali-di-acquisto\/#breadcrumb"},"inLanguage":"it-IT","potentialAction":[{"@type":"ReadAction","target":["https:\/\/www.elsenuclear.com\/it\/termini-e-condizioni-generali-di-acquisto\/"]}]},{"@type":"BreadcrumbList","@id":"https:\/\/www.elsenuclear.com\/it\/termini-e-condizioni-generali-di-acquisto\/#breadcrumb","itemListElement":[{"@type":"ListItem","position":1,"name":"Home","item":"https:\/\/www.elsenuclear.com\/it\/"},{"@type":"ListItem","position":2,"name":"Termini e Condizioni Generali di Acquisto"}]},{"@type":"WebSite","@id":"https:\/\/www.elsenuclear.com\/it\/#website","url":"https:\/\/www.elsenuclear.com\/it\/","name":"Elsenuclear","description":"shaping new standard in radiation protection","potentialAction":[{"@type":"SearchAction","target":{"@type":"EntryPoint","urlTemplate":"https:\/\/www.elsenuclear.com\/it\/?s={search_term_string}"},"query-input":{"@type":"PropertyValueSpecification","valueRequired":true,"valueName":"search_term_string"}}],"inLanguage":"it-IT"}]}},"_links":{"self":[{"href":"https:\/\/www.elsenuclear.com\/it\/wp-json\/wp\/v2\/pages\/6986","targetHints":{"allow":["GET"]}}],"collection":[{"href":"https:\/\/www.elsenuclear.com\/it\/wp-json\/wp\/v2\/pages"}],"about":[{"href":"https:\/\/www.elsenuclear.com\/it\/wp-json\/wp\/v2\/types\/page"}],"author":[{"embeddable":true,"href":"https:\/\/www.elsenuclear.com\/it\/wp-json\/wp\/v2\/users\/2"}],"replies":[{"embeddable":true,"href":"https:\/\/www.elsenuclear.com\/it\/wp-json\/wp\/v2\/comments?post=6986"}],"version-history":[{"count":5,"href":"https:\/\/www.elsenuclear.com\/it\/wp-json\/wp\/v2\/pages\/6986\/revisions"}],"predecessor-version":[{"id":7335,"href":"https:\/\/www.elsenuclear.com\/it\/wp-json\/wp\/v2\/pages\/6986\/revisions\/7335"}],"wp:attachment":[{"href":"https:\/\/www.elsenuclear.com\/it\/wp-json\/wp\/v2\/media?parent=6986"}],"curies":[{"name":"wp","href":"https:\/\/api.w.org\/{rel}","templated":true}]}}